{"id":39,"date":"2016-01-01T00:00:57","date_gmt":"2015-12-31T23:00:57","guid":{"rendered":"http:\/\/iep-ingenieure.ch\/web\/?page_id=39"},"modified":"2016-01-13T16:29:30","modified_gmt":"2016-01-13T15:29:30","slug":"impressum","status":"publish","type":"page","link":"https:\/\/iep-ingenieure.ch\/web\/impressum\/","title":{"rendered":"Impressum"},"content":{"rendered":"<p>Dieser Internetaufftritt wird Ihnen pr\u00e4sentiert von IEP Ingenieure AG, St. Gallen, Schweiz.<\/p>\n<p>Unter der Rubrik <a href=\"http:\/\/iep-ingenieure.ch\/web\/kontakt\/\" title=\"Kontakt\">Kontakt<\/a> finden Sie die zust\u00e4ndigen Personen die f\u00fcr die Inhalte des Webauftritts verantwortlich sind.<\/p>\n<p>Der Inhalt dieser Website wird regelm\u00e4ssig auf Richtigkeit und Aktualit\u00e4t \u00fcberpr\u00fcft. Es kann aber dennoch sein, dass auf diesen Seiten publizierte Links oder Informationen nicht mehr aktuell sind und deshalb nicht mehr zum gew\u00fcnschten Ziel f\u00fchren.<\/p>\n<p>Wir \u00fcbernehmen keine Verantwortung f\u00fcr Seiteninhalte im Internet die \u00fcber Weblinks oder Newsfeeds von unseren Seiten aus aufgerufen wurden.<\/p>\n<p><strong>Herausgeber, Design und Fotos:<\/strong><br \/>\n<a href=\"https:\/\/iep-ingenieure.ch\/web\/\">IEP Ingenieure AG<\/a>, CH-9015 St. Gallen<\/p>\n<p><strong>Realisierung und Hosting:<\/strong><br \/>\n<a href=\"https:\/\/silent-effect.ch\/\" target=\"_blank\">Silent-Effect AG<\/a>, CH-9301 Wittenbach<\/p>\n","protected":false},"excerpt":{"rendered":"<p>Dieser Internetaufftritt wird Ihnen pr\u00e4sentiert von IEP Ingenieure AG, St. Gallen, Schweiz. Unter der Rubrik Kontakt finden Sie die zust\u00e4ndigen Personen die f\u00fcr die Inhalte des Webauftritts verantwortlich sind. Der Inhalt dieser Website wird regelm\u00e4ssig auf Richtigkeit und Aktualit\u00e4t \u00fcberpr\u00fcft. Es kann aber dennoch sein, dass auf diesen Seiten publizierte Links oder Informationen nicht mehr [&hellip;]<\/p>\n","protected":false},"author":1,"featured_media":46,"parent":0,"menu_order":0,"comment_status":"closed","ping_status":"closed","template":"","meta":{"footnotes":""},"class_list":["post-39","page","type-page","status-publish","has-post-thumbnail","hentry"],"_links":{"self":[{"href":"https:\/\/iep-ingenieure.ch\/web\/wp-json\/wp\/v2\/pages\/39","targetHints":{"allow":["GET"]}}],"collection":[{"href":"https:\/\/iep-ingenieure.ch\/web\/wp-json\/wp\/v2\/pages"}],"about":[{"href":"https:\/\/iep-ingenieure.ch\/web\/wp-json\/wp\/v2\/types\/page"}],"author":[{"embeddable":true,"href":"https:\/\/iep-ingenieure.ch\/web\/wp-json\/wp\/v2\/users\/1"}],"replies":[{"embeddable":true,"href":"https:\/\/iep-ingenieure.ch\/web\/wp-json\/wp\/v2\/comments?post=39"}],"version-history":[{"count":7,"href":"https:\/\/iep-ingenieure.ch\/web\/wp-json\/wp\/v2\/pages\/39\/revisions"}],"predecessor-version":[{"id":113,"href":"https:\/\/iep-ingenieure.ch\/web\/wp-json\/wp\/v2\/pages\/39\/revisions\/113"}],"wp:featuredmedia":[{"embeddable":true,"href":"https:\/\/iep-ingenieure.ch\/web\/wp-json\/wp\/v2\/media\/46"}],"wp:attachment":[{"href":"https:\/\/iep-ingenieure.ch\/web\/wp-json\/wp\/v2\/media?parent=39"}],"curies":[{"name":"wp","href":"https:\/\/api.w.org\/{rel}","templated":true}]}}