{"id":35,"date":"2016-01-01T00:00:22","date_gmt":"2015-12-31T23:00:22","guid":{"rendered":"http:\/\/iep-ingenieure.ch\/web\/?page_id=35"},"modified":"2016-01-12T15:21:35","modified_gmt":"2016-01-12T14:21:35","slug":"kontakt","status":"publish","type":"page","link":"https:\/\/iep-ingenieure.ch\/web\/kontakt\/","title":{"rendered":"Kontakt"},"content":{"rendered":"<p>&nbsp;<\/p>\n<p>Partnerschaftlich Prozesse mitgestalten, optimierte L\u00f6sungsans\u00e4tze suchen und miterleben, wie anspruchsvolle Projekte Wirklichkeit werden, begeistern uns t\u00e4glich aufs Neue.<\/p>\n<p><strong>Unserer T\u00e4tigkeit<\/strong> liegt eine ganzheitliche Betrachtungsweise zu Grunde. Mit dieser Arbeitsphilosophie suchen wir L\u00f6sungen, welche das Geb\u00e4ude in der geforderten Qualit\u00e4t f\u00fcr einen dauerhaften, kostenoptimierten und \u00f6kologischen Betrieb bereitstellt.<\/p>\n<p><strong>L\u00f6sungen<\/strong>, welche sich aus aufeinander abgestimmten Konzepten ergeben.<\/p>\n<p><strong>Ganzheitliches Denken<\/strong> bedeutet f\u00fcr uns, sich mit den komplexen Zusammenh\u00e4ngen auseinander zu setzen und die gewonnenen Erkenntnisse in die Projektplanung einfliessen zu lassen.<\/p>\n<p><strong>Das Ergebnis:<\/strong> Wirtschaftliche und \u00f6kologisch zukunftsgerichtete sowie sinnvolle Massnahmen.<\/p>\n","protected":false},"excerpt":{"rendered":"<p>&nbsp; Partnerschaftlich Prozesse mitgestalten, optimierte L\u00f6sungsans\u00e4tze suchen und miterleben, wie anspruchsvolle Projekte Wirklichkeit werden, begeistern uns t\u00e4glich aufs Neue. Unserer T\u00e4tigkeit liegt eine ganzheitliche Betrachtungsweise zu Grunde. Mit dieser Arbeitsphilosophie suchen wir L\u00f6sungen, welche das Geb\u00e4ude in der geforderten Qualit\u00e4t f\u00fcr einen dauerhaften, kostenoptimierten und \u00f6kologischen Betrieb bereitstellt. L\u00f6sungen, welche sich aus aufeinander abgestimmten Konzepten [&hellip;]<\/p>\n","protected":false},"author":1,"featured_media":0,"parent":0,"menu_order":0,"comment_status":"closed","ping_status":"closed","template":"t_kontakt.php","meta":{"footnotes":""},"class_list":["post-35","page","type-page","status-publish","hentry"],"_links":{"self":[{"href":"https:\/\/iep-ingenieure.ch\/web\/wp-json\/wp\/v2\/pages\/35","targetHints":{"allow":["GET"]}}],"collection":[{"href":"https:\/\/iep-ingenieure.ch\/web\/wp-json\/wp\/v2\/pages"}],"about":[{"href":"https:\/\/iep-ingenieure.ch\/web\/wp-json\/wp\/v2\/types\/page"}],"author":[{"embeddable":true,"href":"https:\/\/iep-ingenieure.ch\/web\/wp-json\/wp\/v2\/users\/1"}],"replies":[{"embeddable":true,"href":"https:\/\/iep-ingenieure.ch\/web\/wp-json\/wp\/v2\/comments?post=35"}],"version-history":[{"count":7,"href":"https:\/\/iep-ingenieure.ch\/web\/wp-json\/wp\/v2\/pages\/35\/revisions"}],"predecessor-version":[{"id":110,"href":"https:\/\/iep-ingenieure.ch\/web\/wp-json\/wp\/v2\/pages\/35\/revisions\/110"}],"wp:attachment":[{"href":"https:\/\/iep-ingenieure.ch\/web\/wp-json\/wp\/v2\/media?parent=35"}],"curies":[{"name":"wp","href":"https:\/\/api.w.org\/{rel}","templated":true}]}}