{"id":149,"date":"2016-01-27T20:33:14","date_gmt":"2016-01-27T19:33:14","guid":{"rendered":"https:\/\/iep-ingenieure.ch\/web\/?page_id=149"},"modified":"2016-01-27T20:36:09","modified_gmt":"2016-01-27T19:36:09","slug":"aparthotel-guggach-ag-zuerich","status":"publish","type":"page","link":"https:\/\/iep-ingenieure.ch\/web\/referenzen\/aparthotel-guggach-ag-zuerich\/","title":{"rendered":"Aparth\u00f4tel Guggach AG, Z\u00fcrich"},"content":{"rendered":"<h3>Bauherr<\/h3>\n<p>Guggach AG, 8057 Z\u00fcrich<\/p>\n<h3>Architekt<\/h3>\n<p>m\u00e9pp m\u00e9nhard partner projekt ag, Z\u00fcrich<\/p>\n<h3>Baujahr<\/h3>\n<p>2012<\/p>\n<h3>Standard<\/h3>\n<p>Minergie<\/p>\n<h3>Bruttogeschossfl\u00e4che<\/h3>\n<p>5&#8217;500 m2<\/p>\n<h3>Unsere Arbeiten<\/h3>\n<h4>Akustik<\/h4>\n<ul>\n<li>Bauakustik<\/li>\n<\/ul>\n<h4>Bauphysik<\/h4>\n<ul>\n<li>W\u00e4rmeschutz<\/li>\n<li>Feuchteschutz<\/li>\n<\/ul>\n<h4>W\u00e4rme\/K\u00e4lte\/Luft<\/h4>\n<h5>Konzepte<\/h5>\n<ul>\n<li>Geb\u00e4udeh\u00fclle<\/li>\n<li>Heizung inkl. Erdw\u00e4rmesonden<\/li>\n<li>L\u00fcftung<\/li>\n<\/ul>\n<h3>Umwelt<\/h3>\n<ul>\n<li>Energiekonzept<\/li>\n<\/ul>\n<h3>Brandschutz<\/h3>\n<ul>\n<li>Brandschutz<\/li>\n<\/ul>\n","protected":false},"excerpt":{"rendered":"<p>Bauherr Guggach AG, 8057 Z\u00fcrich Architekt m\u00e9pp m\u00e9nhard partner projekt ag, Z\u00fcrich Baujahr 2012 Standard Minergie Bruttogeschossfl\u00e4che 5&#8217;500 m2 Unsere Arbeiten Akustik Bauakustik Bauphysik W\u00e4rmeschutz Feuchteschutz W\u00e4rme\/K\u00e4lte\/Luft Konzepte Geb\u00e4udeh\u00fclle Heizung inkl. Erdw\u00e4rmesonden L\u00fcftung Umwelt Energiekonzept Brandschutz Brandschutz<\/p>\n","protected":false},"author":1,"featured_media":151,"parent":125,"menu_order":0,"comment_status":"closed","ping_status":"closed","template":"t_einzelreferenzen.php","meta":{"footnotes":""},"class_list":["post-149","page","type-page","status-publish","has-post-thumbnail","hentry"],"_links":{"self":[{"href":"https:\/\/iep-ingenieure.ch\/web\/wp-json\/wp\/v2\/pages\/149","targetHints":{"allow":["GET"]}}],"collection":[{"href":"https:\/\/iep-ingenieure.ch\/web\/wp-json\/wp\/v2\/pages"}],"about":[{"href":"https:\/\/iep-ingenieure.ch\/web\/wp-json\/wp\/v2\/types\/page"}],"author":[{"embeddable":true,"href":"https:\/\/iep-ingenieure.ch\/web\/wp-json\/wp\/v2\/users\/1"}],"replies":[{"embeddable":true,"href":"https:\/\/iep-ingenieure.ch\/web\/wp-json\/wp\/v2\/comments?post=149"}],"version-history":[{"count":4,"href":"https:\/\/iep-ingenieure.ch\/web\/wp-json\/wp\/v2\/pages\/149\/revisions"}],"predecessor-version":[{"id":168,"href":"https:\/\/iep-ingenieure.ch\/web\/wp-json\/wp\/v2\/pages\/149\/revisions\/168"}],"up":[{"embeddable":true,"href":"https:\/\/iep-ingenieure.ch\/web\/wp-json\/wp\/v2\/pages\/125"}],"wp:featuredmedia":[{"embeddable":true,"href":"https:\/\/iep-ingenieure.ch\/web\/wp-json\/wp\/v2\/media\/151"}],"wp:attachment":[{"href":"https:\/\/iep-ingenieure.ch\/web\/wp-json\/wp\/v2\/media?parent=149"}],"curies":[{"name":"wp","href":"https:\/\/api.w.org\/{rel}","templated":true}]}}