{"id":140,"date":"2016-01-27T20:28:48","date_gmt":"2016-01-27T19:28:48","guid":{"rendered":"https:\/\/iep-ingenieure.ch\/web\/?page_id=140"},"modified":"2016-01-27T21:45:43","modified_gmt":"2016-01-27T20:45:43","slug":"steig-center-herisau","status":"publish","type":"page","link":"https:\/\/iep-ingenieure.ch\/web\/referenzen\/steig-center-herisau\/","title":{"rendered":"Steig Center, Herisau"},"content":{"rendered":"<h3>Bauherr<\/h3>\n<p>Boschag AG, 9100 Herisau<\/p>\n<p>Ausgleichskasse und IV\u2010Stelle AR, 9100 Herisau<\/p>\n<h3>Architekt<\/h3>\n<p>Eisenhut + Partner, 9032 Engelburg<\/p>\n<h3>Baujahr<\/h3>\n<p>2013<\/p>\n<h3>Bruttogeschossfl\u00e4che<\/h3>\n<p>3&#8217;214 m2<\/p>\n<h3>Unsere Arbeiten<\/h3>\n<h4>Akustik<\/h4>\n<ul>\n<li>Bauakustik<\/li>\n<li>Raumakustik<\/li>\n<\/ul>\n<h4>Bauphysik<\/h4>\n<ul>\n<li>W\u00e4rmeschutz<\/li>\n<li>Feuchteschutz<\/li>\n<\/ul>\n<h4>W\u00e4rme\/K\u00e4lte\/Luft<\/h4>\n<h5>Konzepte<\/h5>\n<ul>\n<li>Geb\u00e4udeh\u00fclle<\/li>\n<li>Heizung inkl. Erdw\u00e4rmesonden<\/li>\n<li>L\u00fcftung<\/li>\n<li>MSRL<\/li>\n<\/ul>\n<h5>Projekte<\/h5>\n<ul>\n<li>Heizen, K\u00fchlen<\/li>\n<li>L\u00fcftung<\/li>\n<\/ul>\n<h3>Umwelt<\/h3>\n<ul>\n<li>Energiekonzept<\/li>\n<\/ul>\n<h3>Brandschutz<\/h3>\n<ul>\n<li>Brandschutz HLK<\/li>\n<\/ul>\n","protected":false},"excerpt":{"rendered":"<p>Bauherr Boschag AG, 9100 Herisau Ausgleichskasse und IV\u2010Stelle AR, 9100 Herisau Architekt Eisenhut + Partner, 9032 Engelburg Baujahr 2013 Bruttogeschossfl\u00e4che 3&#8217;214 m2 Unsere Arbeiten Akustik Bauakustik Raumakustik Bauphysik W\u00e4rmeschutz Feuchteschutz W\u00e4rme\/K\u00e4lte\/Luft Konzepte Geb\u00e4udeh\u00fclle Heizung inkl. Erdw\u00e4rmesonden L\u00fcftung MSRL Projekte Heizen, K\u00fchlen L\u00fcftung Umwelt Energiekonzept Brandschutz Brandschutz HLK<\/p>\n","protected":false},"author":1,"featured_media":142,"parent":125,"menu_order":0,"comment_status":"closed","ping_status":"closed","template":"t_einzelreferenzen.php","meta":{"footnotes":""},"class_list":["post-140","page","type-page","status-publish","has-post-thumbnail","hentry"],"_links":{"self":[{"href":"https:\/\/iep-ingenieure.ch\/web\/wp-json\/wp\/v2\/pages\/140","targetHints":{"allow":["GET"]}}],"collection":[{"href":"https:\/\/iep-ingenieure.ch\/web\/wp-json\/wp\/v2\/pages"}],"about":[{"href":"https:\/\/iep-ingenieure.ch\/web\/wp-json\/wp\/v2\/types\/page"}],"author":[{"embeddable":true,"href":"https:\/\/iep-ingenieure.ch\/web\/wp-json\/wp\/v2\/users\/1"}],"replies":[{"embeddable":true,"href":"https:\/\/iep-ingenieure.ch\/web\/wp-json\/wp\/v2\/comments?post=140"}],"version-history":[{"count":4,"href":"https:\/\/iep-ingenieure.ch\/web\/wp-json\/wp\/v2\/pages\/140\/revisions"}],"predecessor-version":[{"id":162,"href":"https:\/\/iep-ingenieure.ch\/web\/wp-json\/wp\/v2\/pages\/140\/revisions\/162"}],"up":[{"embeddable":true,"href":"https:\/\/iep-ingenieure.ch\/web\/wp-json\/wp\/v2\/pages\/125"}],"wp:featuredmedia":[{"embeddable":true,"href":"https:\/\/iep-ingenieure.ch\/web\/wp-json\/wp\/v2\/media\/142"}],"wp:attachment":[{"href":"https:\/\/iep-ingenieure.ch\/web\/wp-json\/wp\/v2\/media?parent=140"}],"curies":[{"name":"wp","href":"https:\/\/api.w.org\/{rel}","templated":true}]}}